{"id":16,"date":"2025-10-12T19:22:34","date_gmt":"2025-10-12T19:22:34","guid":{"rendered":"http:\/\/ocelavi.fr\/?page_id=16"},"modified":"2025-11-24T14:51:41","modified_gmt":"2025-11-24T14:51:41","slug":"deru-watch","status":"publish","type":"page","link":"https:\/\/ocelavi.fr\/?page_id=16","title":{"rendered":"DERU WATCH"},"content":{"rendered":"\n<p><\/p>\n\n\n\n<p>Le principal objectif de DERU WATCH est de contribuer \u00e0 une mise en oeuvre <strong>simple, efficace <\/strong>et <strong>juste <\/strong>du principe pollueur-payeur pour les micropolluants pr\u00e9sents dans les eaux us\u00e9es urbaines.<\/p>\n\n\n\n<p>DERU est l&rsquo;acronyme de \u00ab\u00a0Directive Eaux R\u00e9siduaires Urbaines\u00a0\u00bb. Il s&rsquo;agit de la directive europ\u00e9enne 2024\/3019  relative au traitement des eaux r\u00e9siduaires urbaines (refonte)\u00a0\u00bb. Cette directive (DERU 2), publi\u00e9e le 27 novembre 2024, remplace la premi\u00e8re version de la DERU, qui datait de 1991. En 1991, la DERU s&rsquo;attaquait principalement \u00e0 la pollution des eaux et des \u00e9cosyst\u00e8mes par les rejets d&rsquo;eaux us\u00e9es issus des stations d&rsquo;\u00e9puration municipales (pr\u00e9sence de mati\u00e8re organique, de nitrate et phosphore en particulier).<\/p>\n\n\n\n<p><strong>En 2024, une des grandes nouveaut\u00e9s de la nouvelle DERU est de s&rsquo;attaquer aussi \u00e0 la micropollution des eaux us\u00e9es urbaines, en instaurant le principe pollueur-payeur pour les micropolluants relargu\u00e9s par les produits pharmaceutiques et cosm\u00e9tiques.<\/strong> <\/p>\n\n\n\n<p>Le principe pollueur-payeur se traduit dans la DERU 2 (son article 9) par <strong>un syst\u00e8me de \u00ab\u00a0Responsabilit\u00e9 Elargie du Producteur\u00a0\u00bb<\/strong>, dans lequel les secteurs industriels dont les produits relarguent des micropolluants dans les eaux us\u00e9es doivent financer les investissements de d\u00e9pollution dans les stations d&rsquo;\u00e9puration. Les deux seuls secteurs assujettis sont pour l&rsquo;instant les industries pharmaceutique et cosm\u00e9tique (annexe III de la directive). <strong>Ils seront soumis au syst\u00e8me REP au plus tard le 31 d\u00e9cembre 2028.<\/strong><\/p>\n\n\n\n<p>Mais le risque est r\u00e9el que certains secteurs industriels mettent en place des actions de lobbying intense et produisent une \u00ab\u00a0fabrique du doute\u00a0\u00bb pour contester le bien-fond\u00e9 et la l\u00e9gitimit\u00e9 du nouveau syst\u00e8me de REP. Un autre risque serait de voir na\u00eetre un syst\u00e8me de REP d&rsquo;une complexit\u00e9 telle que sa mise en oeuvre serait lente, co\u00fbteuse et peu efficace.<\/p>\n\n\n\n<p>C&rsquo;est dans ce contexte que DERU WATCH intervient. Son principal objectif est de contribuer \u00e0 une mise en oeuvre <strong>simple<\/strong>, <strong>efficace <\/strong>et <strong>juste <\/strong>du principe pollueur-payeur pr\u00e9vu par la directive europ\u00e9enne.<\/p>\n\n\n\n<p><strong>SIMPLE EFFICACE et JUSTE, POUR UNE MISE EN OEUVRE RAPIDE<\/strong> AFIN DE PROTEGER LA SANTE DES HUMAINS ET DES ECOSYSTEMES AQUATIQUES.<\/p>\n\n\n\n<p><\/p>\n\n\n\n<p><strong><strong>Lettres d&rsquo;information DERU WATCH <\/strong><\/strong><\/p>\n\n\n\n<p>Lettre 1 &#8211; <a href=\"https:\/\/www.linkedin.com\/pulse\/micropolluants-une-coquille-qui-vaut-de-lor-thibault-lescuyer-6agqe\/?trackingId=R9VDddwajsmovP0arg5kCA%3D%3D\" data-type=\"link\" data-id=\"https:\/\/www.linkedin.com\/pulse\/micropolluants-une-coquille-qui-vaut-de-lor-thibault-lescuyer-6agqe\/?trackingId=R9VDddwajsmovP0arg5kCA%3D%3D\" target=\"_blank\" rel=\"noreferrer noopener\">Quand Bruxelles valide une \u00e9tude erron\u00e9e<\/a> &#8211; 10 octobre 2025<\/p>\n\n\n\n<p>Lettre 2 &#8211; <a href=\"https:\/\/www.linkedin.com\/pulse\/rep-micropolluants-lobbying-intense-et-thibault-lescuyer-kf8xf\/?trackingId=3UNCNaK1AsWYPh9Xb3dADQ%3D%3D\" data-type=\"link\" data-id=\"https:\/\/www.linkedin.com\/pulse\/rep-micropolluants-lobbying-intense-et-thibault-lescuyer-kf8xf\/?trackingId=3UNCNaK1AsWYPh9Xb3dADQ%3D%3D\" target=\"_blank\" rel=\"noreferrer noopener\">REP micropolluants : lobbying intense et contre-lobbying<\/a> &#8211; 30 octobre 2025<\/p>\n\n\n\n<p><\/p>\n\n\n\n<p>Si vous \u00eates int\u00e9ress\u00e9e ou int\u00e9ress\u00e9 de rejoindre ce mouvement, n&rsquo;h\u00e9sitez pas \u00e0 nous contacter ici : contact@ocelavi.fr<\/p>\n\n\n\n<p>Et vous pouvez vous abonner \u00e0 DERU WATCH ici :<\/p>\n\n\n\n<p><a href=\"https:\/\/www.linkedin.com\/posts\/thibault-lescuyer-39aa0014_je-vous-invite-%C3%A0-d%C3%A9couvrir-mon-nouveau-projet-activity-7382421243259412483-MKE8?utm_source=share&amp;utm_medium=member_desktop&amp;rcm=ACoAAAL--iYBXVmPBKjiV6bUVpKUX1Ou8lABj_o\">DERU WATCH<\/a><\/p>\n\n\n\n<p><\/p>\n\n\n\n<p><\/p>\n\n\n\n<p><\/p>\n","protected":false},"excerpt":{"rendered":"<p>Le principal objectif de DERU WATCH est de contribuer \u00e0 une mise en oeuvre simple, efficace et juste du principe pollueur-payeur pour les micropolluants pr\u00e9sents dans les eaux us\u00e9es urbaines. DERU est l&rsquo;acronyme de \u00ab\u00a0Directive Eaux R\u00e9siduaires Urbaines\u00a0\u00bb. Il s&rsquo;agit de la directive europ\u00e9enne 2024\/3019 relative au traitement des eaux r\u00e9siduaires urbaines (refonte)\u00a0\u00bb. Cette directive &#8230; <a title=\"DERU WATCH\" class=\"read-more\" href=\"https:\/\/ocelavi.fr\/?page_id=16\" aria-label=\"En savoir plus sur DERU WATCH\">Lire la suite<\/a><\/p>\n","protected":false},"author":1,"featured_media":0,"parent":0,"menu_order":0,"comment_status":"closed","ping_status":"closed","template":"","meta":{"footnotes":""},"class_list":["post-16","page","type-page","status-publish"],"_links":{"self":[{"href":"https:\/\/ocelavi.fr\/index.php?rest_route=\/wp\/v2\/pages\/16","targetHints":{"allow":["GET"]}}],"collection":[{"href":"https:\/\/ocelavi.fr\/index.php?rest_route=\/wp\/v2\/pages"}],"about":[{"href":"https:\/\/ocelavi.fr\/index.php?rest_route=\/wp\/v2\/types\/page"}],"author":[{"embeddable":true,"href":"https:\/\/ocelavi.fr\/index.php?rest_route=\/wp\/v2\/users\/1"}],"replies":[{"embeddable":true,"href":"https:\/\/ocelavi.fr\/index.php?rest_route=%2Fwp%2Fv2%2Fcomments&post=16"}],"version-history":[{"count":18,"href":"https:\/\/ocelavi.fr\/index.php?rest_route=\/wp\/v2\/pages\/16\/revisions"}],"predecessor-version":[{"id":91,"href":"https:\/\/ocelavi.fr\/index.php?rest_route=\/wp\/v2\/pages\/16\/revisions\/91"}],"wp:attachment":[{"href":"https:\/\/ocelavi.fr\/index.php?rest_route=%2Fwp%2Fv2%2Fmedia&parent=16"}],"curies":[{"name":"wp","href":"https:\/\/api.w.org\/{rel}","templated":true}]}}