{"id":52,"date":"2025-10-29T08:34:00","date_gmt":"2025-10-29T08:34:00","guid":{"rendered":"http:\/\/ocelavi.fr\/?page_id=52"},"modified":"2025-11-30T09:42:16","modified_gmt":"2025-11-30T09:42:16","slug":"qui-sommes-nous","status":"publish","type":"page","link":"https:\/\/ocelavi.fr\/?page_id=52","title":{"rendered":"Qui sommes-nous"},"content":{"rendered":"\n<p><\/p>\n\n\n\n<p>DERU WATCH est une plateforme pour informer et agir contre la pr\u00e9sence des micropolluants d&rsquo;origine urbaine et domestique dans l&rsquo;eau. L&rsquo;objectif principal est de contribuer \u00e0 la mise en place du principe pollueur payeur pour les micropolluants pr\u00e9vu par la Directive europ\u00e9enne DERU 2, en veillant au respect de l&rsquo;int\u00e9r\u00eat g\u00e9n\u00e9ral et de la justice environnementale.<\/p>\n\n\n\n<p>Le projet est cr\u00e9\u00e9 en octobre 2025 par Thibault Lescuyer, journaliste sp\u00e9cialis\u00e9 : plus de 10 ans sur les probl\u00e9matiques li\u00e9es \u00e0 l&rsquo;eau, \u00e0 l&rsquo;environnement, aux innovations \u00ab\u00a0vertes\u00a0\u00bb et \u00e0 l&rsquo;\u00e9conomie circulaire. Il est aussi sp\u00e9cialiste de la Responsabilit\u00e9 Soci\u00e9tale des Entreprises (RSE), en tant qu&rsquo;enseignant chercheur \u00e0 l&rsquo;Universit\u00e9 de Versailles-Saint-Quentin-en-Yvelines et co-responsable de son Master 2 (M2) en RSE.<\/p>\n\n\n\n<p>Pour participer au mouvement, vous pouvez \u00e9crire \u00e0 : contact@ocelavi.fr <\/p>\n\n\n\n<p><\/p>\n\n\n\n<p><\/p>\n\n\n\n<p><\/p>\n\n\n\n<p><\/p>\n","protected":false},"excerpt":{"rendered":"<p>DERU WATCH est une plateforme pour informer et agir contre la pr\u00e9sence des micropolluants d&rsquo;origine urbaine et domestique dans l&rsquo;eau. L&rsquo;objectif principal est de contribuer \u00e0 la mise en place du principe pollueur payeur pour les micropolluants pr\u00e9vu par la Directive europ\u00e9enne DERU 2, en veillant au respect de l&rsquo;int\u00e9r\u00eat g\u00e9n\u00e9ral et de la justice &#8230; <a title=\"Qui sommes-nous\" class=\"read-more\" href=\"https:\/\/ocelavi.fr\/?page_id=52\" aria-label=\"En savoir plus sur Qui sommes-nous\">Lire la suite<\/a><\/p>\n","protected":false},"author":1,"featured_media":0,"parent":0,"menu_order":0,"comment_status":"closed","ping_status":"closed","template":"","meta":{"footnotes":""},"class_list":["post-52","page","type-page","status-publish"],"_links":{"self":[{"href":"https:\/\/ocelavi.fr\/index.php?rest_route=\/wp\/v2\/pages\/52","targetHints":{"allow":["GET"]}}],"collection":[{"href":"https:\/\/ocelavi.fr\/index.php?rest_route=\/wp\/v2\/pages"}],"about":[{"href":"https:\/\/ocelavi.fr\/index.php?rest_route=\/wp\/v2\/types\/page"}],"author":[{"embeddable":true,"href":"https:\/\/ocelavi.fr\/index.php?rest_route=\/wp\/v2\/users\/1"}],"replies":[{"embeddable":true,"href":"https:\/\/ocelavi.fr\/index.php?rest_route=%2Fwp%2Fv2%2Fcomments&post=52"}],"version-history":[{"count":4,"href":"https:\/\/ocelavi.fr\/index.php?rest_route=\/wp\/v2\/pages\/52\/revisions"}],"predecessor-version":[{"id":93,"href":"https:\/\/ocelavi.fr\/index.php?rest_route=\/wp\/v2\/pages\/52\/revisions\/93"}],"wp:attachment":[{"href":"https:\/\/ocelavi.fr\/index.php?rest_route=%2Fwp%2Fv2%2Fmedia&parent=52"}],"curies":[{"name":"wp","href":"https:\/\/api.w.org\/{rel}","templated":true}]}}